{"id":29,"date":"2016-04-09T15:05:46","date_gmt":"2016-04-09T07:05:46","guid":{"rendered":"https:\/\/wpnew.wimnet.org.my\/wpnew\/?page_id=29"},"modified":"2022-02-27T15:45:09","modified_gmt":"2022-02-27T07:45:09","slug":"hall-of-fame","status":"publish","type":"page","link":"https:\/\/wpnew.wimnet.org.my\/wpnew\/hall-of-fame\/","title":{"rendered":"Tan Sri Dato Napsiah Omar Women&#8217;s Hall of Fame"},"content":{"rendered":"\n<div class=\"wp-block-image\"><figure class=\"alignright\"><img loading=\"lazy\" width=\"800\" height=\"449\" src=\"http:\/\/wimnet.org.my\/wp-content\/uploads\/2016\/04\/19hi-Hall-of-Fame-1.jpg\" alt=\"\" class=\"wp-image-694\" srcset=\"https:\/\/wpnew.wimnet.org.my\/wpnew\/wp-content\/uploads\/2016\/04\/19hi-Hall-of-Fame-1.jpg 800w, https:\/\/wpnew.wimnet.org.my\/wpnew\/wp-content\/uploads\/2016\/04\/19hi-Hall-of-Fame-1-150x84.jpg 150w, https:\/\/wpnew.wimnet.org.my\/wpnew\/wp-content\/uploads\/2016\/04\/19hi-Hall-of-Fame-1-300x168.jpg 300w, https:\/\/wpnew.wimnet.org.my\/wpnew\/wp-content\/uploads\/2016\/04\/19hi-Hall-of-Fame-1-768x431.jpg 768w, https:\/\/wpnew.wimnet.org.my\/wpnew\/wp-content\/uploads\/2016\/04\/19hi-Hall-of-Fame-1-705x396.jpg 705w\" sizes=\"(max-width: 800px) 100vw, 800px\" \/><\/figure><\/div>\n\n\n\n<p class=\"has-text-align-center\"><strong><span style=\"color: #c72c2c;\">TAN SRI DATO NAPSIAH OMAR WOMEN&#8217;S HALL OF FAME<\/span><\/strong><\/p>\n\n\n\n<p>Welcome to the Women&#8217;s Institute of Management Women&#8217;s Tan Sri Dato Napsiah Omar Women&#8217;s Hall of Fame. Do visit our building at Wisma WIM and view our collection which comprises:<\/p>\n\n\n\n<p><strong><span style=\"color: #c72c2c;\">OUR COLLECTION COMPRISES<\/span> :<\/strong><\/p>\n\n\n\n<p>A. Photographs of all the Queens of Malaysia<br>B. Photographs and Biodatas of all the Wives of Prime Ministers of Malaysia<br>C. Photographs and Biodatas of Women Prime Ministers and Presidents<br>D. Photographs and Biodatas of Global Women Leaders<br>E. Photographs and Biodatas of Malaysian Women Leaders<br>F. Photographs and Biodatas of International Women<\/p>\n\n\n\n<div class=\"wp-block-image\"><figure class=\"aligncenter\"><img loading=\"lazy\" width=\"800\" height=\"449\" src=\"http:\/\/wimnet.org.my\/wp-content\/uploads\/2016\/04\/19hi-Hall-of-Fame-2-1.jpg\" alt=\"19hi-Hall of Fame (2)\" class=\"wp-image-695\" srcset=\"https:\/\/wpnew.wimnet.org.my\/wpnew\/wp-content\/uploads\/2016\/04\/19hi-Hall-of-Fame-2-1.jpg 800w, https:\/\/wpnew.wimnet.org.my\/wpnew\/wp-content\/uploads\/2016\/04\/19hi-Hall-of-Fame-2-1-150x84.jpg 150w, https:\/\/wpnew.wimnet.org.my\/wpnew\/wp-content\/uploads\/2016\/04\/19hi-Hall-of-Fame-2-1-300x168.jpg 300w, https:\/\/wpnew.wimnet.org.my\/wpnew\/wp-content\/uploads\/2016\/04\/19hi-Hall-of-Fame-2-1-768x431.jpg 768w, https:\/\/wpnew.wimnet.org.my\/wpnew\/wp-content\/uploads\/2016\/04\/19hi-Hall-of-Fame-2-1-705x396.jpg 705w\" sizes=\"(max-width: 800px) 100vw, 800px\" \/><\/figure><\/div>\n\n\n\n<p><span style=\"color: #c72c2c;\"><strong>A. QUEENS OF MALAYSIA<\/strong><\/span><\/p>\n\n\n\n<ul><li>DYMM Tuanku Ampuan Kurshiah bte Tunku Besar Burhanuddin &#8211; Negeri Sembilan<\/li><li>DYMM Tengku Ampuan Jema&#8217;ah bte Almarhum Raja Ahmad &#8211; Selangor<\/li><li>DYMM Raja Perempuan Tengku Budriah bte Almarhum Tengku Ismail &#8211; Perlis<\/li><li>DYMM Tengku Intan Zaharah bte Almarhum Tengku Seri Setia Raja &#8211; Terengganu<\/li><li>DYMM Sultanah Tuanku Hajjah Bahiyah bte Almarhum Tuanku Abd.Rahman &#8211; Kedah<\/li><li>DYMM Tengku Zainab bte Tengku Mohamed Petra &#8211; Kelantan<\/li><li>DYMM Tengku Hajjah Afzan bte Tengku Muhammad &#8211; Pahang<\/li><li>DYMM Sultanah Zanariah bte Almarhum Tunku Ahmad &#8211; Johor<\/li><li>DYMM Raja Permaisuri Tuanku Bainun bte Mohd. Ali &#8211; Perak<\/li><li>DYMM Tuanku Najihah bte Tunku Besar Burhanuddin &#8211; Negeri Sembilan<\/li><li>DYMM Tuanku Siti Aishah &#8211; Selangor<\/li><li>DYMM Tuanku Fauziah bte Almarhum Tengku Abdul Rashid &#8211; Perlis<\/li><li>DYMM Raja Permaisuri Agong Tuanku Nur Zahirah &#8211; Terengganu<\/li><li>DYMM Tuanku Sultanah Hajah Haminah binti Hamidun<\/li><li>DYMM Tunku Hajah Azizah Maimunah Iskandariah binti Almarhum Al-Mutawakkil Alallah Sultan Iskandar Al-Haj &#8211; Pahang<\/li><\/ul>\n\n\n\n<p><span style=\"color: #c72c2c;\"><strong>B. WIVES OF PRIME MINISTERS OF MALAYSIA<\/strong><\/span><\/p>\n\n\n\n<div class=\"wp-block-image size-full wp-image-672\"><figure class=\"alignright\"><img loading=\"lazy\" width=\"150\" height=\"200\" src=\"http:\/\/wimnet.org.my\/wp-content\/uploads\/2016\/04\/1-Tun-Dr-Siti-Hasmah.jpg\" alt=\"Tun Dr Siti Hasmah\" class=\"wp-image-672\"\/><figcaption><em>Tun Dr Siti Hasmah<\/em><\/figcaption><\/figure><\/div>\n\n\n\n<li>YABhg. Tun Sharifah Rodziah 1957-1970 <\/li>\n<li>YABhg. Tun Rahah bte Tan Sri Hj. Noah 1970-1976<\/li>\n\n\n\n<li>YABhg. Toh Puan Suhaila bte Tan Sri Hj. Noah 1976-1981<\/li>\n\n\n\n<li>YABhg. Datin Seri&nbsp;Dr. Siti Hasmah bte Mohd. Ali 1981-2003<\/li>\n\n\n\n<li>YABhg. Datin Paduka Seri Endon bte Mahmood 2003- 2005<\/li>\n\n\n\n<li>YABhg. Datin Seri Jeanne Abdullah 2005-2009<\/li>\n\n\n\n<li>YABhg. Datin Paduka Seri Rosmah binti Mansor 2009-2018<\/li>\n\n\n\n<li>YABhg. Datin Seri Dr. Siti Hasmah bte Mohd. Ali 2018-2021<\/li>\n\n\n\n<p>&nbsp;<\/p>\n\n\n\n<p><span style=\"color: #c72c2c;\"><strong>C. WOMEN PRIME MINISTERS AND PRESIDENTS (In Alphabetical Order)<\/strong><\/span><\/p>\n\n\n\n<div class=\"wp-block-image size-full wp-image-675\"><figure class=\"alignright\"><img loading=\"lazy\" width=\"150\" height=\"199\" src=\"http:\/\/wimnet.org.my\/wp-content\/uploads\/2016\/04\/2-Banazir-Bhutto.jpg\" alt=\"Benazir Bhutto\" class=\"wp-image-675\"\/><figcaption><em>Benazir Bhutto<\/em><\/figcaption><\/figure><\/div>\n\n\n\n<li>H.E. Corazon Aquino President of the Philippines, 1986-1992<\/li>\n<li>H.E. Michelle Bachelet, President of Chile, 11.3.2006<\/li>\n<li>H.E. Benazir Bhutto, Prime Minister of Pakistan, 1988-1990, 1993-1996<\/li>\n<li>H.E Bidhya Devi Bhandari, President of Nepal, 29.10.2015 <\/li>\n<li>H.E. Luisa Diogo, Prime Minister of Mozambique, 17.2.2004<\/li>\n\n\n\n<li>H.E. Cristina Elizabet Fern\u00e1ndez de Kirchner, President of Argentina, 10.12.2007<\/li>\n\n\n\n<li>H.E. Julia Eileen Gillard, Prime Minister of Australia, 24.6.2010<\/li>\n\n\n\n<li>H.E. Kolinda Grabar-Kitarovi\u00e7, President of Croatia, 19.2.2015<\/li>\n\n\n\n<li>H.E. Dalia Grybauskaite, President of Lithuania, 12.7.2009<\/li>\n\n\n\n<li>H.E. Tarja Halonen, President of the Republic of Finland, 1.3.2000<\/li>\n\n\n\n<li>H.E. Sheikh Hasina, Prime Minister of Bangladesh, 1996 -2001, 2009<\/li>\n\n\n\n<li>H.E. Atifete Jahjaga President of Kosovo, 7.4.2011<\/li>\n\n\n\n<li>H.E. Ellen Johnson -Sirleaf, President of Liberia, 6.1.2006<\/li>\n\n\n\n<li>H.E. Mari Johanna Kiviniemi, Prime Minister of Finland, 22.6.2010<\/li>\n\n\n\n<li>H.E. Jadranka Kosor, Prime Minister of Croatia, 6.7.2009<\/li>\n\n\n\n<li>H.E. Doris Leuthard, President of Switzerland,1.1.2010<\/li>\n\n\n\n<li>H.E. Maria Liberia-Peters, Prime Minister Netherlands-Antilles, 1984-86, 1988-1994<\/li>\n\n\n\n<li>H.E. Gloria Macapagal-Arroyo, President of Philippines, 20.1.2001<\/li>\n\n\n\n<li>H.E. Sanna Mirella Marin, Prime Minister of Finland, 10.12.2019<\/li>\n\n\n\n<li>H.E. Theresa Mary May, Prime Minister of the United Kingtom, 13.7.2016<\/li>\n\n\n\n<li>H.E. Mary McAleese, President of Ireland, 1997<\/li>\n\n\n\n<li>H.E. Angela Dorothea Merkel, President of Germany, 2005<\/li>\n\n\n\n<div class=\"wp-block-image size-full wp-image-676\"><figure class=\"alignright\"><img loading=\"lazy\" width=\"150\" height=\"200\" src=\"http:\/\/wimnet.org.my\/wp-content\/uploads\/2016\/04\/3-Angela-Merkel.jpg\" alt=\"Angela Merkel\" class=\"wp-image-676\"\/><figcaption><em>Angela Merkel<\/em><\/figcaption><\/figure><\/div>\n\n\n\n<li>H.E. Laura Chinchilla Miranda, President of Costa Rica, 7.2.2010<\/li>\n\n\n\n<li>H.E. Mireya Moscoso, President of Panama, 1999 &#8211; 2004<\/li>\n\n\n\n<li>H.E. Roza Isakovna Otunbayeva, President of Kyrgyzstan, 7.4.2010<\/li>\n\n\n\n<li>H.E. Park-Geun-hye, President of South Korea, 25.2.2013<\/li>\n\n\n\n<li>H.E. Pratibha Devisingh Patil, President of India, 25.7.2007<\/li>\n\n\n\n<li>H.E. Kamla Persad-Bissessar, Prime Minister of Trinidad and Tobago, 26.5.2010<\/li>\n\n\n\n<li>H.E. Kazimiera Prunskiene, Prime Minister of Lithuania, 1990-1991<\/li>\n\n\n\n<li>H.E. Iveta Radicova, Prime Minister of Slovakia, 8.7.2010<\/li>\n\n\n\n<li>H.E. Mary Robinson, President of Ireland, 1990-1997<\/li>\n\n\n\n<li>H.E. Dilma Vana Rousseff, President of Brazil, 1.1.2011<\/li>\n\n\n\n<li>H.E. Yingluck Shinawatra, Prime Minister of Thailand, 5.8.2011<\/li>\n\n\n\n<li>H.E. J\u00f3hanna Sigur\u00f4ard\u00f3ttir, Prime Minister of Iceland, 1.2.2009<\/li>\n\n\n\n<div class=\"wp-block-image size-full wp-image-677\"><figure class=\"alignright\"><img loading=\"lazy\" width=\"150\" height=\"200\" src=\"http:\/\/wimnet.org.my\/wp-content\/uploads\/2016\/04\/4-Margaret-Thatcher.jpg\" alt=\"Margaret Thatcher\" class=\"wp-image-677\"\/><figcaption><em>Margaret Thatcher<\/em><\/figcaption><\/figure><\/div>\n\n\n\n<li>H.E. Jennifer M. Smith, Prime Minister of Bermuda, 1998 &#8211; 2003<\/li>\n\n\n\n<li>H.E. Erna Solberg, Prime Minister of Norway, 2013<\/li>\n\n\n\n<li>H.E. Hanna Suchoka, Prime Minister of Poland, 1992-1993<\/li>\n\n\n\n<li>H.E. Baroness Margaret Thatcher, Prime Minister of Britain, 1978-1990<\/li>\n\n\n\n<li>H.E. Helle Thorning-Schmidt, Prime Minister of Denmark, 3.10.2011<\/li>\n\n\n\n<li>H.E. Tsai Ing-wen, President of the Republic of China (Taiwan), 20.5.2016<\/li>\n\n\n\n<p><span style=\"color: #ffffff;\">w<\/span><\/p>\n\n\n\n<p>&nbsp;<\/p>\n\n\n\n<p><span style=\"color: #c72c2c;\"><strong>D. GLOBAL WOMEN LEADERS<\/strong><\/span> (country of origin)<\/p>\n\n\n\n<div class=\"wp-block-image wp-image-678\"><figure class=\"alignright\"><img loading=\"lazy\" width=\"150\" height=\"184\" src=\"http:\/\/wimnet.org.my\/wp-content\/uploads\/2016\/04\/5-Christine-Lagarde.jpg\" alt=\"Christine Lagarde\" class=\"wp-image-678\"\/><figcaption><em>Christine Lagarde<\/em><\/figcaption><\/figure><\/div>\n\n\n\n<li>Christine Madeleine Odette Lagarde, Managing Director of the International Monetary Fund, 2011 (France)<\/li>\n<li>Khunying Supatra Masdit, Minister, Thai Prime Minister&#8217;s Office, Chairperson, NGO Forum, 4th UN Women&#8217;s Conference, Beijing, 1995 (Thailand)<\/li>\n<li>Andrina Lever, Member, APEC Business Advisory Council (Canada)<\/li>\n<li>Leticia Ramos-Shahani, First Woman President of the Philippines&#8217; Senate Secretary General, UN Decade of Women&#8217;s Conference, Nairobi 1985 (Philippines)<\/li>\n<li>Flutura Xhabija Laknori, President, Professional and Businesswomen&#8217;s Association of Albania (Albania)<\/li>\n<li>Manorama Vaid, President, Indian Council of Women Entrepreneurs (India)<\/li>\n<li>Martha Tilaar, Chairperson, Indonesia Businesswomen&#8217;s Association (Indonesia)<\/li>\n<li>The Lady Howe, Chairman, The British Broadcasting, Standards&#8217; Commission, (U.K.)<\/li>\n<li>Angeline Arefieva, Executive Director, Businesswomen&#8217;s Union of Russia (Russia)<\/li>\n<li>Barbara Koz Paley, Chairperson, Women&#8217;s Leadership Board, John F. Kennedy School of Government, Harvard University, Boston U.S.A<\/li>\n<li>Riita Uosukainen, Speaker, Parliament of Finland (Finland)<\/li>\n<li>Victoria Licuanan, Director, Women Managers&#8217; Program, Asia Institute of Management, Manila (Philippines)<\/li>\n<li>Astrid N. Heiberg, World President, International Federation Of Red Cross and Red Crescent Societies, Geneva (Norway)<\/li>\n<li>Nancy Spence, Director, Gender and Youth Division, Commonwealth Secretariat, London (Canada)<\/li>\n<li>Mavivi Y.L. Myakayaka, Head of International Affairs, ANC President&#8217;s Office (South Africa)<\/li>\n<li>Tina Knight, Top Entrepreneur of the World (1998), World Leader in Computer Resource, Sharing Devices (U.K)<\/li>\n<li>Barbro Dahlbom-Hall, Board Member of the Swedish Foundation, Women&#8217;s World Banking and Consultant To SIDA (Swedish International Development Agency) (Sweden)<\/li>\n<li>Antoinette Ruegg, President, Business and Professional, Women&#8217;s Association of Switzerland (Switzerland) <\/li>\n<li>Surapee Rojanavongse, President, Women for Women, Thailand,Chairman, Sudhipongs Srivikorn Foundation (Thailand)<\/li>\n\n\n\n<div class=\"wp-block-image wp-image-679 size-full\"><figure class=\"alignright\"><img loading=\"lazy\" width=\"150\" height=\"188\" src=\"http:\/\/wimnet.org.my\/wp-content\/uploads\/2016\/04\/6-Hillary-Clinton.jpg\" alt=\"Hillary Clinton\" class=\"wp-image-679\"\/><figcaption><em>Hillary Clinton<\/em><\/figcaption><\/figure><\/div>\n\n\n\n<li>Joyce H. Banda, Co-Winner, Africa Prize for Leadership for the Sustainable End of Hunger, Executive Director, National Association of Businesswomen, Malawi (Malawi)<\/li>\n\n\n\n<li>Dr. Anamah Tan, President, Asean Confederation of Women&#8217;s Organisations (ACWO) (Singapore)<\/li>\n\n\n\n<li>Semane B. Molotlegi, Queen&#8217;s Mother Semane B. Molotlegi, Royal Bafokeng Nation (Republic of South Africa)<\/li>\n\n\n\n<li>Hillary Rodham Clinton, 67th United States Secretary of State (U.S.A.)<\/li>\n\n\n\n<p>&nbsp;<\/p><p>&nbsp;<\/p>\n\n\n\n<p><span style=\"color: #c72c2c;\"><strong>E. MALAYSIAN WOMEN LEADERS<\/strong><\/span><\/p>\n\n\n\n<div class=\"wp-block-image size-full wp-image-680\"><figure class=\"alignright\"><img loading=\"lazy\" width=\"150\" height=\"200\" src=\"http:\/\/wimnet.org.my\/wp-content\/uploads\/2016\/04\/7-Dato-Siti-Norma-Yaacob.jpg\" alt=\"Dato Siti Norma Yaacob\" class=\"wp-image-680\"\/><figcaption><em>Dato Siti Norma Yaacob<\/em><\/figcaption><\/figure><\/div>\n\n\n\n<li>Justice Dato&#8217; Siti Norma Yaakob, First Malaysian Woman High Court Judge and Judge, Court of Appeals <\/li>\n<li>Dato&#8217; P.G. Lim, First Malaysian Woman Ambassador to the UN<\/li>\n\n\n\n<li>Mother Mangalam, Founder President, Pure Life Society<\/li>\n\n\n\n<li>Tan Sri Dr. Devaki Krishnan, First Woman Municipality Councillor of Kuala Lumpur and first Malaysian&nbsp;Indian Woman Tan Sri<\/li>\n\n\n\n<li>Dato&#8217; Asiah bte Abu Samah, First Woman Director-General, Ministry of Education<\/li>\n\n\n\n<li>Puan Rafiah Salim, First Malaysian Woman UN Assistant Secretary General<\/li>\n\n\n\n<li>Tan Sri Datin Hajjah Kamsiah bte Abdul Majid, First NACIWID Chairperson and National President, Women&#8217;s Institute of Malaysia<\/li>\n\n\n\n<li>Datin Paduka Rosemarie Chong, First Malaysian Chinese Woman Member of Parliament and Deputy Minister<\/li>\n\n\n\n<div class=\"wp-block-image size-full wp-image-681\"><figure class=\"alignright\"><img loading=\"lazy\" width=\"150\" height=\"200\" src=\"http:\/\/wimnet.org.my\/wp-content\/uploads\/2016\/04\/8-Tan-Sri-Zeti.jpg\" alt=\"Tan Sri Zeti\" class=\"wp-image-681\"\/><figcaption><em>Tan Sri Zeti Akhtar Aziz<\/em><\/figcaption><\/figure><\/div>\n\n\n\n<li>Datuk Dayang Adeline Leong, First Woman President of the Kota Kinabalu Municipal Council<\/li>\n\n\n\n<li>Puan Sri Datin Janaki Athi Nahappan, First Malaysian Indian Woman Senator and Leader in Girl Guides movement<\/li>\n\n\n\n<li>Y. Bhg. Toh Puan Uma Sambanthan, Retired Chairman National Land Finance Co-operative Berhad<\/li>\n\n\n\n<li>Y. Bhg. Tan Sri Dato Dr. Zeti Akhtar Aziz, First Woman Governor, Bank Negara Malaysia<\/li>\n\n\n\n<li>YABhg. Datuk Amar Puan Sri Dr. Laila Taib, President, SABATI, Sarawak<\/li>\n\n\n\n<li>Y. Bhg. Datin Paduka Alinah binti Ahmad, First Female Mayor of Petaling Jaya, Selangor<\/li>\n\n\n\n<li>Y.B. Hannah Yeoh Tseow Suan, First Lady Speaker of the Selangor State Assembly of Malaysia<\/li>\n\n\n\n<p>&nbsp;<\/p>\n\n\n\n<p><span style=\"color: #c72c2c;\"><strong>F. INTERNATIONAL WOMEN<\/strong><\/span><\/p>\n\n\n\n<div class=\"wp-block-image size-full wp-image-682\"><figure class=\"alignright\"><img loading=\"lazy\" width=\"150\" height=\"200\" src=\"http:\/\/wimnet.org.my\/wp-content\/uploads\/2016\/04\/9-Princess-Diana.jpg\" alt=\"Princess Diana\" class=\"wp-image-682\"\/><figcaption><em>Princess Diana<\/em><\/figcaption><\/figure><\/div>\n\n\n\n<ul><li>Princess Diana (Humanitarian) U.K.<\/li><li>Jodie Foster (Actor\/Director) U.S.A.<\/li><li>Aung San Suu Kyi (Social Activist) Myanmar<\/li><li>Vanessa-Mae (Musical Prodigy) Singapore<\/li><li>Marie Curie (Physicist) France<\/li><li>Dato&#8217; Michelle Yeoh (Action Hero) Malaysia<\/li><li>Mother Teresa (Humanitarian) Republic of Macedonia<\/li><li>Steffi Graf (Professional Tennis Player) Germany<\/li><li>YBhg. Prof. Datuk Dr. Mazlan Othman (Astrophysicist) Malaysia<\/li><li>The late Yasmin Ahmad (Film Director\/Writer) Malaysia<\/li><li>YBhg. Dato Nicol David (World Squash Champion) Malaysia<\/li><\/ul>\n\n\n\n<div class=\"wp-block-image\"><figure class=\"alignright\"><img loading=\"lazy\" width=\"824\" height=\"255\" src=\"http:\/\/wimnet.org.my\/wp-content\/uploads\/2016\/04\/bottom.jpg\" alt=\"bottom\" class=\"wp-image-689\" srcset=\"https:\/\/wpnew.wimnet.org.my\/wpnew\/wp-content\/uploads\/2016\/04\/bottom.jpg 824w, https:\/\/wpnew.wimnet.org.my\/wpnew\/wp-content\/uploads\/2016\/04\/bottom-150x46.jpg 150w, https:\/\/wpnew.wimnet.org.my\/wpnew\/wp-content\/uploads\/2016\/04\/bottom-300x93.jpg 300w, https:\/\/wpnew.wimnet.org.my\/wpnew\/wp-content\/uploads\/2016\/04\/bottom-768x238.jpg 768w, https:\/\/wpnew.wimnet.org.my\/wpnew\/wp-content\/uploads\/2016\/04\/bottom-705x218.jpg 705w\" sizes=\"(max-width: 824px) 100vw, 824px\" \/><\/figure><\/div>\n\n\n\n<div class=\"wp-block-image\"><figure class=\"aligncenter\"><img loading=\"lazy\" width=\"800\" height=\"449\" src=\"http:\/\/wimnet.org.my\/wp-content\/uploads\/2016\/04\/19hi-Hall-of-Fame-3.jpg\" alt=\"19hi-Hall of Fame (3)\" class=\"wp-image-696\" srcset=\"https:\/\/wpnew.wimnet.org.my\/wpnew\/wp-content\/uploads\/2016\/04\/19hi-Hall-of-Fame-3.jpg 800w, https:\/\/wpnew.wimnet.org.my\/wpnew\/wp-content\/uploads\/2016\/04\/19hi-Hall-of-Fame-3-150x84.jpg 150w, https:\/\/wpnew.wimnet.org.my\/wpnew\/wp-content\/uploads\/2016\/04\/19hi-Hall-of-Fame-3-300x168.jpg 300w, https:\/\/wpnew.wimnet.org.my\/wpnew\/wp-content\/uploads\/2016\/04\/19hi-Hall-of-Fame-3-768x431.jpg 768w, https:\/\/wpnew.wimnet.org.my\/wpnew\/wp-content\/uploads\/2016\/04\/19hi-Hall-of-Fame-3-705x396.jpg 705w\" sizes=\"(max-width: 800px) 100vw, 800px\" \/><\/figure><\/div>\n","protected":false},"excerpt":{"rendered":"<p>TAN SRI DATO NAPSIAH OMAR WOMEN&#8217;S HALL OF FAME Welcome to the Women&#8217;s Institute of Management Women&#8217;s Tan Sri Dato Napsiah Omar Women&#8217;s Hall of Fame. Do visit our building at Wisma WIM and view our collection which comprises: OUR COLLECTION COMPRISES : A. Photographs of all the Queens of MalaysiaB. Photographs and Biodatas of &hellip;<\/p>\n<p class=\"read-more\"> <a class=\"\" href=\"https:\/\/wpnew.wimnet.org.my\/wpnew\/hall-of-fame\/\"> <span class=\"screen-reader-text\">Tan Sri Dato Napsiah Omar Women&#8217;s Hall of Fame<\/span> Read More &raquo;<\/a><\/p>\n","protected":false},"author":1,"featured_media":0,"parent":0,"menu_order":0,"comment_status":"closed","ping_status":"closed","template":"","meta":{"site-sidebar-layout":"default","site-content-layout":"default","ast-main-header-display":"","ast-hfb-above-header-display":"","ast-hfb-below-header-display":"","ast-hfb-mobile-header-display":"","site-post-title":"","ast-breadcrumbs-content":"","ast-featured-img":"","footer-sml-layout":"","theme-transparent-header-meta":"","adv-header-id-meta":"","stick-header-meta":"","header-above-stick-meta":"","header-main-stick-meta":"","header-below-stick-meta":""},"uagb_featured_image_src":{"full":false,"thumbnail":false,"medium":false,"medium_large":false,"large":false,"1536x1536":false,"2048x2048":false,"woocommerce_thumbnail":false,"woocommerce_single":false,"woocommerce_gallery_thumbnail":false,"shop_catalog":false,"shop_single":false,"shop_thumbnail":false},"uagb_author_info":{"display_name":"admin","author_link":"https:\/\/wpnew.wimnet.org.my\/wpnew\/author\/admin\/"},"uagb_comment_info":0,"uagb_excerpt":"TAN SRI DATO NAPSIAH OMAR WOMEN&#8217;S HALL OF FAME Welcome to the Women&#8217;s Institute of Management Women&#8217;s Tan Sri Dato Napsiah Omar Women&#8217;s Hall of Fame. Do visit our building at Wisma WIM and view our collection which comprises: OUR COLLECTION COMPRISES : A. Photographs of all the Queens of MalaysiaB. Photographs and Biodatas of&hellip;","_links":{"self":[{"href":"https:\/\/wpnew.wimnet.org.my\/wpnew\/wp-json\/wp\/v2\/pages\/29"}],"collection":[{"href":"https:\/\/wpnew.wimnet.org.my\/wpnew\/wp-json\/wp\/v2\/pages"}],"about":[{"href":"https:\/\/wpnew.wimnet.org.my\/wpnew\/wp-json\/wp\/v2\/types\/page"}],"author":[{"embeddable":true,"href":"https:\/\/wpnew.wimnet.org.my\/wpnew\/wp-json\/wp\/v2\/users\/1"}],"replies":[{"embeddable":true,"href":"https:\/\/wpnew.wimnet.org.my\/wpnew\/wp-json\/wp\/v2\/comments?post=29"}],"version-history":[{"count":48,"href":"https:\/\/wpnew.wimnet.org.my\/wpnew\/wp-json\/wp\/v2\/pages\/29\/revisions"}],"predecessor-version":[{"id":26688,"href":"https:\/\/wpnew.wimnet.org.my\/wpnew\/wp-json\/wp\/v2\/pages\/29\/revisions\/26688"}],"wp:attachment":[{"href":"https:\/\/wpnew.wimnet.org.my\/wpnew\/wp-json\/wp\/v2\/media?parent=29"}],"curies":[{"name":"wp","href":"https:\/\/api.w.org\/{rel}","templated":true}]}}